{"id":36,"date":"2013-04-05T16:03:39","date_gmt":"2013-04-05T16:03:39","guid":{"rendered":"http:\/\/salvisberg.eu\/wp\/?page_id=36"},"modified":"2026-03-18T20:40:22","modified_gmt":"2026-03-18T19:40:22","slug":"download","status":"publish","type":"page","link":"https:\/\/pistolenclub-neunkirch.ch\/?page_id=36","title":{"rendered":"Download"},"content":{"rendered":"<p><strong>Schiessplan 2025<\/strong><\/p>\n<ul>\n<li><a href=\"https:\/\/pistolenclub-neunkirch.ch\/Schiessplan 2026.pdf\">Schiessplan 2026<\/a><\/li>\n<li><a href=\"https:\/\/pistolenclub-neunkirch.ch\/Auswaertige Schiessanlaesse 2026.pdf\">Ausw\u00e4rtige Schiessanl\u00e4sse 2026<\/a><br \/>\n<\/p>\n<ul>\n<li><a href=\"https:\/\/pistolenclub-neunkirch.ch\/?post_type=tribe_events\">Digitale Version inkl. Datendownload f\u00fcr pers\u00f6nlichen Kalender<\/a><\/li>\n<p><a href=\"https:\/\/pistolenclub-neunkirch.ch\/outlook\/outlook2010.pdf\">Anleitung Import Outlook 2010<\/a><\/li>\n<\/ul>\n<\/ul>\n<p><strong>Resultate Nachtschiessen 2024<\/strong><\/p>\n<ul>\n<li><a href=\"https:\/\/pistolenclub-neunkirch.ch\/2024_Nachtschiessen_Einzelrangliste.pdf\">Einzelrangliste 2024<\/a><\/li>\n<li><a href=\"https:\/\/pistolenclub-neunkirch.ch\/2024_Nachtschiessen_Gruppenrangliste.pdf\">Gruppenrangliste 2024<\/a><\/li>\n<\/ul>\n<p><strong>Diverses<\/strong><\/p>\n<ul>\n<li><a href=\"https:\/\/pistolenclub-neunkirch.ch\/PCN_Statuen.pdf\">Statuten PCN<\/a><\/li>\n<li><a href=\"https:\/\/pistolenclub-neunkirch.ch\/Benuetzungsreglement Schuetzenstube PCN_010125.pdf\">Ben\u00fctzungsreglement Sch\u00fctzenstube<\/a><\/li>\n<li><a href=\"https:\/\/pistolenclub-neunkirch.ch\/Aufnahmeantrag.pdf\">Aufnahmeantrag PCN<\/a><\/li>\n<li><a href=\"https:\/\/pistolenclub-neunkirch.ch\/Leitfaden_fuer_Neumitglieder_V3_00.pdf\">Leitfaden f\u00fcr Neumitglieder<\/a><\/li>\n<\/ul>\n","protected":false},"excerpt":{"rendered":"<p>Schiessplan 2025 Schiessplan 2026 Ausw\u00e4rtige Schiessanl\u00e4sse 2026 Digitale Version inkl. Datendownload f\u00fcr pers\u00f6nlichen Kalender Anleitung Import Outlook 2010 Resultate Nachtschiessen 2024 Einzelrangliste 2024 Gruppenrangliste 2024 Diverses Statuten PCN Ben\u00fctzungsreglement Sch\u00fctzenstube [&hellip;]<\/p>\n","protected":false},"author":4,"featured_media":0,"parent":0,"menu_order":0,"comment_status":"closed","ping_status":"closed","template":"page-templates\/full-width.php","meta":{"footnotes":""},"class_list":["post-36","page","type-page","status-publish","hentry"],"_links":{"self":[{"href":"https:\/\/pistolenclub-neunkirch.ch\/index.php?rest_route=\/wp\/v2\/pages\/36","targetHints":{"allow":["GET"]}}],"collection":[{"href":"https:\/\/pistolenclub-neunkirch.ch\/index.php?rest_route=\/wp\/v2\/pages"}],"about":[{"href":"https:\/\/pistolenclub-neunkirch.ch\/index.php?rest_route=\/wp\/v2\/types\/page"}],"author":[{"embeddable":true,"href":"https:\/\/pistolenclub-neunkirch.ch\/index.php?rest_route=\/wp\/v2\/users\/4"}],"replies":[{"embeddable":true,"href":"https:\/\/pistolenclub-neunkirch.ch\/index.php?rest_route=%2Fwp%2Fv2%2Fcomments&post=36"}],"version-history":[{"count":49,"href":"https:\/\/pistolenclub-neunkirch.ch\/index.php?rest_route=\/wp\/v2\/pages\/36\/revisions"}],"predecessor-version":[{"id":934,"href":"https:\/\/pistolenclub-neunkirch.ch\/index.php?rest_route=\/wp\/v2\/pages\/36\/revisions\/934"}],"wp:attachment":[{"href":"https:\/\/pistolenclub-neunkirch.ch\/index.php?rest_route=%2Fwp%2Fv2%2Fmedia&parent=36"}],"curies":[{"name":"wp","href":"https:\/\/api.w.org\/{rel}","templated":true}]}}