{"id":372,"date":"2019-01-01T18:10:18","date_gmt":"2019-01-01T18:10:18","guid":{"rendered":"https:\/\/pistolenclub-neunkirch.ch\/?page_id=372"},"modified":"2021-05-05T18:07:54","modified_gmt":"2021-05-05T18:07:54","slug":"schiessbetrieb","status":"publish","type":"page","link":"https:\/\/pistolenclub-neunkirch.ch\/?page_id=372","title":{"rendered":"Schiessbetrieb"},"content":{"rendered":"<p>Die Kleinkalibersportpistole oder Randfeuerpistole ist die Standardwaffe f\u00fcr das sportliche Schiessen auf die 25m und 50m Distanzen.&nbsp; Kleinkalibersportpistolen verf\u00fcgen \u00fcber eine sehr hohe Pr\u00e4zision und werden einh\u00e4ndig geschossen. S\u00e4mtliche Wettkampfstiche unserer 25 m und 50 m Jahresprogramme mit Ausnahme der externen Schiessanl\u00e4sse k\u00f6nnen w\u00e4hrend einer freiwilligen \u00dcbung mit der Randfeuerpistole geschossen werden.<\/p>\n<p>Neben Randfeuerpistolen sind Ordonnanzpistolen f\u00fcr s\u00e4mtliche Wettkampfstiche unserer 25 m und 50 m Jahresprogramme zugelassen. Auch mit Ordonanzpistolen l\u00e4sst sich pr\u00e4zise Schiessen, allerdings erreicht die Pr\u00e4zision von Ordonanzpistolen nicht diejenige von Kleinkalibersportpistolen. Ordonanzpistolen d\u00fcrfen beidh\u00e4ndig geschossen werden.<\/p>\n<p>Mittwochs stehen sowohl der 25 m als auch der 50 m Schiessstand allen Aktivmitgliedern zur Verf\u00fcgung. Es kann mit Randfeuerpistolen und Ordonanzpistolen individuell geschossen werden.<\/p>\n<p>Montags findet ein gef\u00fchrtes Training f\u00fcr Nachwuchssch\u00fctzen und ambitionierte Sportsch\u00fctzen auf dem 25 m Stand statt. Hierf\u00fcr sind nur Randfeuerpistolen zugelassen und es schiessen alle das gleiche Programm. Neben Wettkampfstichen aus dem 25 m Jahresprogramm wird auch die 25m-Gruppenmeisterschaft geschossen. F\u00fcr eine Teilnahme ist eine Voranmeldung beim 25 m Sch\u00fctzenmeister erforderlich.<\/p>\n<p>F\u00fcr die Liebhaber grosser Faustfeuerwaffen bieten wir mehrere Male im Jahr eine freiwillige \u00dcbung nur f\u00fcr Grosskaliberwaffen an. Hier darf auch mit einer Desert Eagle (Kaliber .50AE) oder mit einem Revolver Kaliber .500 S&amp;W geschossen werden.<\/p>\n<p>W\u00e4hrend den freiwilligen \u00dcbungen ist den Anweisungen des Sch\u00fctzenmeisters Folge zu leisten!<\/p>\n","protected":false},"excerpt":{"rendered":"<p>Die Kleinkalibersportpistole oder Randfeuerpistole ist die Standardwaffe f\u00fcr das sportliche Schiessen auf die 25m und 50m Distanzen.&nbsp; Kleinkalibersportpistolen verf\u00fcgen \u00fcber eine sehr hohe Pr\u00e4zision und werden einh\u00e4ndig geschossen. S\u00e4mtliche Wettkampfstiche [&hellip;]<\/p>\n","protected":false},"author":4,"featured_media":0,"parent":0,"menu_order":0,"comment_status":"closed","ping_status":"closed","template":"","meta":{"footnotes":""},"class_list":["post-372","page","type-page","status-publish","hentry"],"_links":{"self":[{"href":"https:\/\/pistolenclub-neunkirch.ch\/index.php?rest_route=\/wp\/v2\/pages\/372","targetHints":{"allow":["GET"]}}],"collection":[{"href":"https:\/\/pistolenclub-neunkirch.ch\/index.php?rest_route=\/wp\/v2\/pages"}],"about":[{"href":"https:\/\/pistolenclub-neunkirch.ch\/index.php?rest_route=\/wp\/v2\/types\/page"}],"author":[{"embeddable":true,"href":"https:\/\/pistolenclub-neunkirch.ch\/index.php?rest_route=\/wp\/v2\/users\/4"}],"replies":[{"embeddable":true,"href":"https:\/\/pistolenclub-neunkirch.ch\/index.php?rest_route=%2Fwp%2Fv2%2Fcomments&post=372"}],"version-history":[{"count":11,"href":"https:\/\/pistolenclub-neunkirch.ch\/index.php?rest_route=\/wp\/v2\/pages\/372\/revisions"}],"predecessor-version":[{"id":425,"href":"https:\/\/pistolenclub-neunkirch.ch\/index.php?rest_route=\/wp\/v2\/pages\/372\/revisions\/425"}],"wp:attachment":[{"href":"https:\/\/pistolenclub-neunkirch.ch\/index.php?rest_route=%2Fwp%2Fv2%2Fmedia&parent=372"}],"curies":[{"name":"wp","href":"https:\/\/api.w.org\/{rel}","templated":true}]}}