{"id":44,"date":"2013-04-05T16:10:25","date_gmt":"2013-04-05T16:10:25","guid":{"rendered":"http:\/\/salvisberg.eu\/wp\/?page_id=44"},"modified":"2025-09-01T21:47:23","modified_gmt":"2025-09-01T19:47:23","slug":"schutzenstube-2","status":"publish","type":"page","link":"https:\/\/pistolenclub-neunkirch.ch\/?page_id=44","title":{"rendered":"Sch\u00fctzenstube"},"content":{"rendered":"<p><a href=\"https:\/\/pistolenclub-neunkirch.ch\/wp-content\/uploads\/2013\/04\/image11911.jpg\"><img loading=\"lazy\" decoding=\"async\" class=\"size-medium wp-image-51 alignright\" src=\"https:\/\/pistolenclub-neunkirch.ch\/wp-content\/uploads\/2013\/04\/image11911-300x209.jpg\" alt=\"image11911\" width=\"300\" height=\"209\" srcset=\"https:\/\/pistolenclub-neunkirch.ch\/wp-content\/uploads\/2013\/04\/image11911-300x209.jpg 300w, https:\/\/pistolenclub-neunkirch.ch\/wp-content\/uploads\/2013\/04\/image11911-624x435.jpg 624w, https:\/\/pistolenclub-neunkirch.ch\/wp-content\/uploads\/2013\/04\/image11911.jpg 784w\" sizes=\"auto, (max-width: 300px) 100vw, 300px\" \/><\/a><\/p>\n<p>Ihr n\u00e4chster Firmenanlass, Ihre Familienfeier, Geburtstag, Jubil\u00e4um usw. feiern Sie am besten in unserer Sch\u00fctzenstube. Unsere Sch\u00fctzenstube liegt im sch\u00f6nen Neunkirch inmitten vom Klettgau im Kanton Schaffhausen.<\/p>\n<p>Ob Sommer oder Winter, in unserer sch\u00f6nen Pergola oder drinnen in der Sch\u00fctzenstube sind Sie bestens aufgehoben.<\/p>\n<p>Wir bieten Ihnen vorteilhafte Mietkonditionen und moderate Preise f\u00fcr Getr\u00e4nke (Getr\u00e4nke k\u00f6nnen auch mitgebracht werden).<\/p>\n<p>Selbstverst\u00e4ndlich steht Ihnen die gesamte Infrastruktur (Grill, Abwaschmaschine, Kaffeemaschine, etc.) zur Verf\u00fcgung.<\/p>\n<p>Die Sch\u00fctzenstube befindet sich abseits von L\u00e4rm und Wohngebieten, an sch\u00f6nster Lage in freier Natur (siehe Anfahrtsweg Startseite).<\/p>\n<p>Weitere Infos:<a href=\"https:\/\/pistolenclub-neunkirch.ch\/wp-content\/uploads\/2020\/01\/Bild-1.jpg\"><img loading=\"lazy\" decoding=\"async\" class=\"alignright  wp-image-404\" src=\"https:\/\/pistolenclub-neunkirch.ch\/wp-content\/uploads\/2020\/01\/Bild-1.jpg\" alt=\"\" width=\"300\" height=\"225\" srcset=\"https:\/\/pistolenclub-neunkirch.ch\/wp-content\/uploads\/2020\/01\/Bild-1.jpg 2048w, https:\/\/pistolenclub-neunkirch.ch\/wp-content\/uploads\/2020\/01\/Bild-1-300x225.jpg 300w, https:\/\/pistolenclub-neunkirch.ch\/wp-content\/uploads\/2020\/01\/Bild-1-1024x768.jpg 1024w, https:\/\/pistolenclub-neunkirch.ch\/wp-content\/uploads\/2020\/01\/Bild-1-768x576.jpg 768w, https:\/\/pistolenclub-neunkirch.ch\/wp-content\/uploads\/2020\/01\/Bild-1-1536x1152.jpg 1536w, https:\/\/pistolenclub-neunkirch.ch\/wp-content\/uploads\/2020\/01\/Bild-1-624x468.jpg 624w\" sizes=\"auto, (max-width: 300px) 100vw, 300px\" \/><\/a><br \/>\nUnsere Sch\u00fctzenwirtin Marianne Christen freut sich auf Ihre Anfrage und ber\u00e4t Sie gerne!<\/p>\n<p>Ben\u00fctzungsreglement Sch\u00fctzenstube:<br \/>\nBei jeder Vermietung der Sch\u00fctzenstube kommt das <a href=\"https:\/\/pistolenclub-neunkirch.ch\/Benuetzungsreglement Schuetzenstube PCN_010125.pdf\">Ben\u00fctzungsreglement<\/a> zur Anwendung.<\/p>\n<p>Marianne Christen<br \/>\nE-Mail: schuetzenstube(at)pistolenclub-neunkirch.ch<br \/>\nMobile: 079 220 06 59<\/p>\n<p><img loading=\"lazy\" decoding=\"async\" class=\"alignright size-full wp-image-912\" src=\"https:\/\/pistolenclub-neunkirch.ch\/wp-content\/uploads\/2025\/09\/schuetzst1.jpeg\" alt=\"\" width=\"2048\" height=\"1365\" srcset=\"https:\/\/pistolenclub-neunkirch.ch\/wp-content\/uploads\/2025\/09\/schuetzst1.jpeg 2048w, https:\/\/pistolenclub-neunkirch.ch\/wp-content\/uploads\/2025\/09\/schuetzst1-300x200.jpeg 300w, https:\/\/pistolenclub-neunkirch.ch\/wp-content\/uploads\/2025\/09\/schuetzst1-1024x683.jpeg 1024w, https:\/\/pistolenclub-neunkirch.ch\/wp-content\/uploads\/2025\/09\/schuetzst1-768x512.jpeg 768w, https:\/\/pistolenclub-neunkirch.ch\/wp-content\/uploads\/2025\/09\/schuetzst1-1536x1024.jpeg 1536w, https:\/\/pistolenclub-neunkirch.ch\/wp-content\/uploads\/2025\/09\/schuetzst1-624x416.jpeg 624w\" sizes=\"auto, (max-width: 2048px) 100vw, 2048px\" \/><\/p>\n<p><span style=\"color: #ffffff;\">Verein Neunkirch, Verein, Schiesse<img loading=\"lazy\" decoding=\"async\" class=\"alignright size-full wp-image-913\" src=\"https:\/\/pistolenclub-neunkirch.ch\/wp-content\/uploads\/2025\/09\/apero1.jpeg\" alt=\"\" width=\"2000\" height=\"1500\" srcset=\"https:\/\/pistolenclub-neunkirch.ch\/wp-content\/uploads\/2025\/09\/apero1.jpeg 2000w, https:\/\/pistolenclub-neunkirch.ch\/wp-content\/uploads\/2025\/09\/apero1-300x225.jpeg 300w, https:\/\/pistolenclub-neunkirch.ch\/wp-content\/uploads\/2025\/09\/apero1-1024x768.jpeg 1024w, https:\/\/pistolenclub-neunkirch.ch\/wp-content\/uploads\/2025\/09\/apero1-768x576.jpeg 768w, https:\/\/pistolenclub-neunkirch.ch\/wp-content\/uploads\/2025\/09\/apero1-1536x1152.jpeg 1536w, https:\/\/pistolenclub-neunkirch.ch\/wp-content\/uploads\/2025\/09\/apero1-624x468.jpeg 624w\" sizes=\"auto, (max-width: 2000px) 100vw, 2000px\" \/>n, Event, Anlass, Geburtstagsfest, Gruppenanlass, Gesch\u00e4ftsanlass, Eventlocation, private Grillstelle, Partylocation, H\u00fctte, Pergola, Sitzplatz, aussen Grillstelle, Schaffhausen, Klettgau, Neun<\/span><span style=\"color: #ffffff;\">kirch<\/span><\/p>\n","protected":false},"excerpt":{"rendered":"<p>Ihr n\u00e4chster Firmenanlass, Ihre Familienfeier, Geburtstag, Jubil\u00e4um usw. feiern Sie am besten in unserer Sch\u00fctzenstube. Unsere Sch\u00fctzenstube liegt im sch\u00f6nen Neunkirch inmitten vom Klettgau im Kanton Schaffhausen. Ob Sommer oder [&hellip;]<\/p>\n","protected":false},"author":4,"featured_media":0,"parent":0,"menu_order":0,"comment_status":"closed","ping_status":"closed","template":"page-templates\/full-width.php","meta":{"footnotes":""},"class_list":["post-44","page","type-page","status-publish","hentry"],"_links":{"self":[{"href":"https:\/\/pistolenclub-neunkirch.ch\/index.php?rest_route=\/wp\/v2\/pages\/44","targetHints":{"allow":["GET"]}}],"collection":[{"href":"https:\/\/pistolenclub-neunkirch.ch\/index.php?rest_route=\/wp\/v2\/pages"}],"about":[{"href":"https:\/\/pistolenclub-neunkirch.ch\/index.php?rest_route=\/wp\/v2\/types\/page"}],"author":[{"embeddable":true,"href":"https:\/\/pistolenclub-neunkirch.ch\/index.php?rest_route=\/wp\/v2\/users\/4"}],"replies":[{"embeddable":true,"href":"https:\/\/pistolenclub-neunkirch.ch\/index.php?rest_route=%2Fwp%2Fv2%2Fcomments&post=44"}],"version-history":[{"count":39,"href":"https:\/\/pistolenclub-neunkirch.ch\/index.php?rest_route=\/wp\/v2\/pages\/44\/revisions"}],"predecessor-version":[{"id":915,"href":"https:\/\/pistolenclub-neunkirch.ch\/index.php?rest_route=\/wp\/v2\/pages\/44\/revisions\/915"}],"wp:attachment":[{"href":"https:\/\/pistolenclub-neunkirch.ch\/index.php?rest_route=%2Fwp%2Fv2%2Fmedia&parent=44"}],"curies":[{"name":"wp","href":"https:\/\/api.w.org\/{rel}","templated":true}]}}