{"id":8,"date":"2013-04-05T15:37:13","date_gmt":"2013-04-05T15:37:13","guid":{"rendered":"http:\/\/salvisberg.eu\/wp\/?page_id=8"},"modified":"2026-03-25T13:08:14","modified_gmt":"2026-03-25T12:08:14","slug":"home","status":"publish","type":"page","link":"https:\/\/pistolenclub-neunkirch.ch\/","title":{"rendered":"Herzlich Willkommen"},"content":{"rendered":"<p>Unsere aktuellsten Anl\u00e4sse finden Sie <a href = \"https:\/\/pistolenclub-neunkirch.ch\/?page_id=1034\">hier<\/a>.<\/p>\n<p>M\u00f6chten Sie sich sportlich bet\u00e4tigen oder suchen Sie einen idealen Ausgleich zum heute oft hektischen Alltag? Der Pistolenclub Neunkirch bietet Ihnen die M\u00f6glichkeit, beim sportlichen Schiessen mit der Pistole die Konzentration aufzubauen und das Auge sowie die Atmung zu schulen. Durch regelm\u00e4ssiges \u00dcben, Konzentrieren, spannende Wettk\u00e4mpfe aber auch durch die Kameradschaft und Geselligkeit finden Sie die innere Ruhe und mentale St\u00e4rke, um das anvisierte Ziel zu treffen und die pers\u00f6nliche Leistung immer wieder zu optimieren.<\/p>\n<p>Im <a href=\"https:\/\/pistolenclub-neunkirch.ch\/?page_id=338\">Pistolenstand &#171;Horn&#187;<\/a> stehen Ihnen ein 50m Stand mit 6 Scheiben und ein 25m Stand mit 2\u00d75 Scheiben zur Verf\u00fcgung. Das w\u00f6chentliche Training (jeweils Mittwoch ab 18.15 Uhr) wird durch unsere ausgebildeten Sch\u00fctzenmeister betreut und begleitet.<\/p>\n<p>Unsere bestens eingerichtete Sch\u00fctzenstube l\u00e4dt Sie anschliessend zum Verweilen ein. Sie kann \u00fcbrigens auch f\u00fcr Anl\u00e4sse jeglicher Art gemietet werden.<\/p>\n<p>Auf dieser Webseite erfahren Sie das Wichtigste \u00fcber den Pistolenclub Neunkirch sowie \u00fcber das Schiesswesen im Allgemeinen.<br \/>\nSchauen Sie unverbindlich an unseren <a href=\"https:\/\/pistolenclub-neunkirch.ch\/?post_type=tribe_events\">Trainings<\/a> vorbei oder kontaktieren Sie uns. Wir beraten Sie gerne.<\/p>\n<p><a href=\"https:\/\/pistolenclub-neunkirch.ch\/?page_id=4\">PISTOLENCLUB NEUNKIRCH<\/a><\/p>\n<div><\/div>\n","protected":false},"excerpt":{"rendered":"<p>Unsere aktuellsten Anl\u00e4sse finden Sie hier. M\u00f6chten Sie sich sportlich bet\u00e4tigen oder suchen Sie einen idealen Ausgleich zum heute oft hektischen Alltag? Der Pistolenclub Neunkirch bietet Ihnen die M\u00f6glichkeit, beim [&hellip;]<\/p>\n","protected":false},"author":4,"featured_media":0,"parent":0,"menu_order":0,"comment_status":"closed","ping_status":"closed","template":"page-templates\/full-width.php","meta":{"footnotes":""},"class_list":["post-8","page","type-page","status-publish","hentry"],"_links":{"self":[{"href":"https:\/\/pistolenclub-neunkirch.ch\/index.php?rest_route=\/wp\/v2\/pages\/8","targetHints":{"allow":["GET"]}}],"collection":[{"href":"https:\/\/pistolenclub-neunkirch.ch\/index.php?rest_route=\/wp\/v2\/pages"}],"about":[{"href":"https:\/\/pistolenclub-neunkirch.ch\/index.php?rest_route=\/wp\/v2\/types\/page"}],"author":[{"embeddable":true,"href":"https:\/\/pistolenclub-neunkirch.ch\/index.php?rest_route=\/wp\/v2\/users\/4"}],"replies":[{"embeddable":true,"href":"https:\/\/pistolenclub-neunkirch.ch\/index.php?rest_route=%2Fwp%2Fv2%2Fcomments&post=8"}],"version-history":[{"count":36,"href":"https:\/\/pistolenclub-neunkirch.ch\/index.php?rest_route=\/wp\/v2\/pages\/8\/revisions"}],"predecessor-version":[{"id":1042,"href":"https:\/\/pistolenclub-neunkirch.ch\/index.php?rest_route=\/wp\/v2\/pages\/8\/revisions\/1042"}],"wp:attachment":[{"href":"https:\/\/pistolenclub-neunkirch.ch\/index.php?rest_route=%2Fwp%2Fv2%2Fmedia&parent=8"}],"curies":[{"name":"wp","href":"https:\/\/api.w.org\/{rel}","templated":true}]}}